{"id":648,"date":"2024-05-14T08:57:18","date_gmt":"2024-05-14T06:57:18","guid":{"rendered":"https:\/\/prefabricadoscobomar.com\/legal\/legal-notice\/"},"modified":"2024-05-14T13:19:27","modified_gmt":"2024-05-14T11:19:27","slug":"legal-notice","status":"publish","type":"page","link":"https:\/\/prefabricadoscobomar.com\/en\/legal\/legal-notice\/","title":{"rendered":"Legal Notice"},"content":{"rendered":"<p>[et_pb_section fb_built=&#8221;1&#8243; theme_builder_area=&#8221;post_content&#8221; _builder_version=&#8221;4.25.0&#8243; _module_preset=&#8221;default&#8221;][et_pb_row _builder_version=&#8221;4.25.0&#8243; _module_preset=&#8221;default&#8221; theme_builder_area=&#8221;post_content&#8221;][et_pb_column _builder_version=&#8221;4.25.0&#8243; _module_preset=&#8221;default&#8221; type=&#8221;4_4&#8243; theme_builder_area=&#8221;post_content&#8221;][et_pb_text _builder_version=&#8221;4.25.0&#8243; _module_preset=&#8221;default&#8221; theme_builder_area=&#8221;post_content&#8221; hover_enabled=&#8221;0&#8243; sticky_enabled=&#8221;0&#8243;]<\/p>\n<h1 style=\"text-align: center;\">Legal Notice<\/h1>\n<p>[\/et_pb_text][et_pb_divider _builder_version=&#8221;4.25.0&#8243; _module_preset=&#8221;default&#8221; theme_builder_area=&#8221;post_content&#8221; hover_enabled=&#8221;0&#8243; sticky_enabled=&#8221;0&#8243;][\/et_pb_divider][\/et_pb_column][\/et_pb_row][et_pb_row _builder_version=&#8221;4.25.0&#8243; _module_preset=&#8221;default&#8221; theme_builder_area=&#8221;post_content&#8221;][et_pb_column _builder_version=&#8221;4.25.0&#8243; _module_preset=&#8221;default&#8221; type=&#8221;4_4&#8243; theme_builder_area=&#8221;post_content&#8221;][et_pb_text _builder_version=&#8221;4.25.0&#8243; _module_preset=&#8221;default&#8221; theme_builder_area=&#8221;post_content&#8221; hover_enabled=&#8221;0&#8243; sticky_enabled=&#8221;0&#8243;]<\/p>\n<p><strong> <u>LEGAL NOTICE<\/u><\/strong><\/p>\n<p>Con la finalidad de dar cumplimiento al articulo 10 de la Ley 34\/2002 de Servicios de la Sociedad de la Informaci\u00f3n y Comercio Electr\u00f3nico, informamos al usuario de nuestros datos:<\/p>\n<p>Denominaci\u00f3n Social: PREFABRICADOS COBOMAR, S.L.<br \/>Nombre Comercial:<br \/>Registered Office: CALLE JUAN DE LA CIERVA, 58 &#8211; 03203 &#8211; ELCHE &#8211; ALICANTE<br \/>CIF \/ NIF: B54674353<br \/>Tel\u00e9fono: 965681588<br \/>e-Mail: cobomar@prefabricadoscobomar.com<br \/>Datos registrales: INSCRITA EN EL REGISTRO MERCANTIL DE ALICANTE, TOMO 3653, LIBRO 0, FOLIO 31, HOJA A-132751, INSCRIP. 1\u00aa<br \/>Pagina Web: WWW.PREFRABRICADOSCOBOMAR.COM<\/p>\n<p><center><\/p>\n<h3>USO DEL SITIO WEB Y ACEPTACI\u00d3N<\/h3>\n<p><\/center><\/p>\n<p>No queda permitido, para menores de catorce a\u00f1os sin consentimiento de los titulares de la patria potestad o tutela, la atribuci\u00f3n de la condici\u00f3n de usuario de este sitio web, seg\u00fan la Ley Org\u00e1nica de Protecci\u00f3n de Datos de Car\u00e1cter Personal (LOPD), en base al art\u00edculo 8 del RGPD. El incumplimiento por parte del usuario de esta condici\u00f3n tendr\u00e1 como consecuencia la supresi\u00f3n de los datos aportados.<\/p>\n<p>El acceso al sitio Web atribuye la condici\u00f3n de usuario e implica la aceptaci\u00f3n plena y sin reservas por parte del usuario, de todas y cada una de las condiciones contenidas en este Aviso Legal.<\/p>\n<p>El contenido del presente Aviso Legal puede sufrir modificaciones, por lo que su aceptaci\u00f3n por parte del usuario, ser\u00e1 respecto del Aviso Legal publicado por PREFABRICADOS COBOMAR, S.L. en el momento en que el usuario acceda al sitio Web. Por lo tanto, cada vez que el usuario acceda al sitio Web, deber\u00e1 leer atentamente el presente Aviso Legal.<\/p>\n<p>Asimismo, el acceso al sitio Web se encuentra sometido a todos los avisos, condiciones de uso e instrucciones, puestos en conocimiento del usuario por PREFABRICADOS COBOMAR, S.L. que sustituyan, completen y\/o modifiquen el presente Aviso Legal.<\/p>\n<p><center><\/p>\n<h3>CONDICIONES DEL SITIO WEB<\/h3>\n<p><\/center><\/p>\n<p>El usuario se compromete a hacer uso de los servicios, productos y utilidades ofrecidos por PREFABRICADOS COBOMAR, S.L. a trav\u00e9s del sitio Web www.prefabricadoscobomar.com de conformidad con la ley, este Aviso Legal y dem\u00e1s avisos e instrucciones puestos en su conocimiento, as\u00ed como con la moral y las buenas costumbres generalmente aceptadas y el orden p\u00fablico.<\/p>\n<p>Con car\u00e1cter general, el acceso a la informaci\u00f3n y utilidades del sitio Web www.prefabricadoscobomar.com no exige una previa suscripci\u00f3n o registro de usuario. No obstante lo anterior, el acceso a alguno de los servicios o productos que se ofrezcan a trav\u00e9s del sitio Web www.prefabricadoscobomar.com puede estar condicionado a la previa cumplimentaci\u00f3n del formulario de suscripci\u00f3n o registro. A estos efectos el usuario garantiza la autenticidad y veracidad de todos aquellos datos personales que comunique al cumplimentar el formulario de suscripci\u00f3n o registro. El usuario se compromete y responsabiliza de mantener toda la informaci\u00f3n facilitada de forma que responda, en cada momento, a su situaci\u00f3n actual. El tratamiento de los datos de car\u00e1cter personal suministrados por el usuario se realizar\u00e1 por PREFABRICADOS COBOMAR, S.L. con sujeci\u00f3n a la Pol\u00edtica de Privacidad contenida en este sitio Web.<\/p>\n<p><center><\/p>\n<h3>DERECHOS DE PROPIEDAD INTELECTUAL E INDUSTRIAL<\/h3>\n<p><\/center><\/p>\n<p>Todas las marcas, nombres comerciales, signos distintivos, servicios, contenidos e informaciones de cualquier clase que aparecen en este sitio Web son propiedad de PREFABRICADOS COBOMAR, S.L., por lo que no podr\u00e1n ser reproducidos, distribuidos, comunicados p\u00fablicamente, transformados o modificados sin la autorizaci\u00f3n expresa de esta empresa. Por contenidos de este sitio Web entendemos, sin que esta enumeraci\u00f3n tenga car\u00e1cter limitativo, los textos, fotograf\u00edas, gr\u00e1ficos, im\u00e1genes, software, links y dem\u00e1s contenidos audiovisuales o sonoros, as\u00ed como su dise\u00f1o gr\u00e1fico y c\u00f3digos fuente.<\/p>\n<p>El usuario se abstendr\u00e1 de obtener los contenidos empleando para ello medios o procedimientos distintos de los que, seg\u00fan los casos, se han puesto a su disposici\u00f3n o, en general, de los que se empleen habitualmente en Internet siempre que, estos \u00faltimos, no entra\u00f1en un riesgo o da\u00f1o o inutilizaci\u00f3n del sitio Web y\/o sus contenidos.<\/p>\n<p>Las posibles referencias que se hagan en el sitio Web de PREFABRICADOS COBOMAR, S.L. a cualquier producto, servicio, proceso, enlace, hipertexto o cualquier otra informaci\u00f3n utilizando la marca, el nombre comercial o el fabricante o suministrador, etc. que sean de titularidad de terceros no constituye o implica respaldo, patrocinio o recomendaci\u00f3n por parte de PREFABRICADOS COBOMAR, S.L..<\/p>\n<p><center><\/p>\n<h3>EXCLUSI\u00d3N DE RESPONSABILIDADES Y GARANT\u00cdAS<\/h3>\n<p><\/center><\/p>\n<ol>\n<li>Contenidos:Los datos, textos, informaciones, im\u00e1genes o sonidos publicados en el sitio Web www.prefabricadoscobomar.com son mostrados con efectos meramente informativos para todas aquellas personas interesadas en los mismos, sin que su acceso genere relaci\u00f3n comercial, contractual o profesional entre los usuarios y PREFABRICADOS COBOMAR, S.L. En caso de discrepancia entre la informaci\u00f3n contenida en el sitio Web y la contenida en papel, prevalecer\u00e1 esta \u00faltima. Se advierte al usuario que antes de emprender cualquier acci\u00f3n derivada del contenido del sitio Web, proceda a verificar la informaci\u00f3n obtenida poni\u00e9ndose en contacto con el departamento de Atenci\u00f3n al Cliente en el tel\u00e9fono 965681588 o en la direcci\u00f3n de correo electr\u00f3nico cobomar@prefabricadoscobomar.com.<\/li>\n<li>Disponibilidad y continuidad:PREFABRICADOS COBOMAR, S.L. excluye, con toda la extensi\u00f3n que permite nuestro ordenamiento jur\u00eddico, cualquier responsabilidad por los da\u00f1os y perjuicios de toda naturaleza causados por la falta de disponibilidad o de continuidad del acceso al sitio Web y sus servicios. El acceso a la informaci\u00f3n y servicios que presta este sitio Web tiene, en principio, una duraci\u00f3n indefinida. No obstante, PREFABRICADOS COBOMAR, S.L. podr\u00e1 dar por terminada o suspender el acceso a su sitio Web en cualquier momento.<\/li>\n<li>Virus y c\u00f3digos maliciosos:PREFABRICADOS COBOMAR, S.L. excluye, con toda la extensi\u00f3n que permite nuestro ordenamiento jur\u00eddico, cualquier responsabilidad por los da\u00f1os y perjuicios de toda naturaleza que puedan deberse a la presencia de virus u otros c\u00f3digos maliciosos en los contenidos que puedan producir cualquier tipo de da\u00f1os en el sistema inform\u00e1tico, documentos electr\u00f3nicos o ficheros de los usuarios.<\/li>\n<li>Linking:PREFABRICADOS COBOMAR, S.L. excluye, con toda la extensi\u00f3n que permite nuestro ordenamiento jur\u00eddico, cualquier responsabilidad por los da\u00f1os y perjuicios de toda naturaleza causados a los usuarios por el uso de dispositivos t\u00e9cnicos de enlaces (links), directorios y herramientas de b\u00fasqueda, que permiten a los usuarios acceder a sitios Web pertenecientes y\/o gestionados por terceros.<\/li>\n<li>Uso il\u00edcito:PREFABRICADOS COBOMAR, S.L. no se hace responsable del incumplimiento de cualquier norma aplicable en que pueda incurrir el usuario en su acceso al sitio Web y\/o utilizaci\u00f3n de las informaciones contenidas en la misma. Tampoco se hace responsable del uso ileg\u00edtimo que terceras personas puedan hacer de los nombres comerciales, marcas u otros signos distintivos que, no siendo propiedad de PREFABRICADOS COBOMAR, S.L. , aparezcan en el sitio Web.<\/li>\n<\/ol>\n<p><center><\/p>\n<h3>PROTECTION OF PERSONAL DATA  <\/h3>\n<p><\/center><\/p>\n<p>Para contratar alguno de los servicios o productos de este sitio Web, deber\u00e1 rellenarse el correspondiente formulario de datos personales o el formulario de suscripci\u00f3n o registro. PREFABRICADOS COBOMAR, S.L. tratar\u00e1 estos datos personales con estricta sujeci\u00f3n a su pol\u00edtica de privacidad contenida en este sitio Web.<\/p>\n<p><center><\/p>\n<h3>CAMPA\u00d1AS PUBLICITARIAS<\/h3>\n<p><\/center><\/p>\n<p>PREFABRICADOS COBOMAR, S.L. mantiene activas campa\u00f1as de publicidad para la promoci\u00f3n de la empresa. Todas las campa\u00f1as que se realizan en entornos online o en otro tipo de entornos remiten a este sitio Web. Las campa\u00f1as publicitarias respetan escrupulosamente la Ley de Competencia Desleal y la Ley General de Publicidad.<\/p>\n<p><center><\/p>\n<h3>NOTIFICACIONES<\/h3>\n<p><\/center><\/p>\n<p>Todas las notificaciones o comunicaciones realizadas por los usuarios a PREFABRICADOS COBOMAR, S.L. se considerar\u00e1n eficaces, a todos los efectos, cuando se dirijan al Servicio de Atenci\u00f3n al Cliente por alguna de las siguientes formas:<\/p>\n<ul>\n<li>By mail to the following address: CALLE JUAN DE LA CIERVA, 58 &#8211; 03203 &#8211; ELCHE &#8211; ALICANTE,<\/li>\n<li>Mediante llamada telef\u00f3nica al n\u00famero 965681588,<\/li>\n<li>Mediante env\u00edo de e-mail a su direcci\u00f3n de correo electr\u00f3nico cobomar@prefabricadoscobomar.com<\/li>\n<\/ul>\n<p>&nbsp;<\/p>\n<p>De igual forma, todas las notificaciones que realice PREFABRICADOS COBOMAR, S.L. al usuario se considerar\u00e1n eficaces, a todos los efectos, cuando se realicen por alguna de las siguientes formas:<\/p>\n<ul>\n<li>Mediante env\u00edo postal a la direcci\u00f3n que el usuario haya previamente puesto en conocimiento de la empresa.<\/li>\n<li>Mediante llamada telef\u00f3nica o fax al n\u00famero que el usuario haya puesto previamente en conocimiento de la empresa.<\/li>\n<li>Mediante env\u00edo de e-mail a la direcci\u00f3n de correo electr\u00f3nico que el usuario haya puesto previamente en conocimiento de la empresa.<\/li>\n<\/ul>\n<p>Por lo tanto, para que estas notificaciones puedan llevarse a efecto es preciso que el usuario manifieste que todos los datos facilitados por \u00e9l son ciertos y actuales, comprometi\u00e9ndose a notificar cualquier modificaci\u00f3n de los mismos.<\/p>\n<p><center><\/p>\n<h3>LEGISLACI\u00d3N Y JURISDICCI\u00d3N<\/h3>\n<p><\/center><\/p>\n<p>La Legislaci\u00f3n aplicable al presente Aviso Legal ser\u00e1 la legislaci\u00f3n espa\u00f1ola, y la jurisdicci\u00f3n competente para conocer de cualesquiera demandas que este sitio Web suscite ser\u00e1 la de los Juzgados y Tribunales de Elche (ALICANTE).<\/p>\n<p>[\/et_pb_text][\/et_pb_column][\/et_pb_row][\/et_pb_section]<\/p>\n","protected":false},"excerpt":{"rendered":"<p>Legal Notice LEGAL NOTICE Con la finalidad de dar cumplimiento al articulo 10 de la Ley 34\/2002 de Servicios de la Sociedad de la Informaci\u00f3n y Comercio Electr\u00f3nico, informamos al usuario de nuestros datos: Denominaci\u00f3n Social: PREFABRICADOS COBOMAR, S.L.Nombre Comercial:Registered Office: CALLE JUAN DE LA CIERVA, 58 &#8211; 03203 &#8211; ELCHE &#8211; ALICANTECIF \/ NIF: [&hellip;]<\/p>\n","protected":false},"author":1,"featured_media":0,"parent":632,"menu_order":0,"comment_status":"closed","ping_status":"closed","template":"","meta":{"_et_pb_use_builder":"on","_et_pb_old_content":"","_et_gb_content_width":"","jetpack_post_was_ever_published":true,"footnotes":""},"class_list":["post-648","page","type-page","status-publish","hentry"],"jetpack-related-posts":[],"jetpack_sharing_enabled":true,"_links":{"self":[{"href":"https:\/\/prefabricadoscobomar.com\/en\/wp-json\/wp\/v2\/pages\/648","targetHints":{"allow":["GET"]}}],"collection":[{"href":"https:\/\/prefabricadoscobomar.com\/en\/wp-json\/wp\/v2\/pages"}],"about":[{"href":"https:\/\/prefabricadoscobomar.com\/en\/wp-json\/wp\/v2\/types\/page"}],"author":[{"embeddable":true,"href":"https:\/\/prefabricadoscobomar.com\/en\/wp-json\/wp\/v2\/users\/1"}],"replies":[{"embeddable":true,"href":"https:\/\/prefabricadoscobomar.com\/en\/wp-json\/wp\/v2\/comments?post=648"}],"version-history":[{"count":3,"href":"https:\/\/prefabricadoscobomar.com\/en\/wp-json\/wp\/v2\/pages\/648\/revisions"}],"predecessor-version":[{"id":652,"href":"https:\/\/prefabricadoscobomar.com\/en\/wp-json\/wp\/v2\/pages\/648\/revisions\/652"}],"up":[{"embeddable":true,"href":"https:\/\/prefabricadoscobomar.com\/en\/wp-json\/wp\/v2\/pages\/632"}],"wp:attachment":[{"href":"https:\/\/prefabricadoscobomar.com\/en\/wp-json\/wp\/v2\/media?parent=648"}],"curies":[{"name":"wp","href":"https:\/\/api.w.org\/{rel}","templated":true}]}}